{"id":3397,"date":"2025-08-10T16:53:11","date_gmt":"2025-08-10T16:53:11","guid":{"rendered":"https:\/\/zu-citygames.com\/gra-miejska\/der-schatz-des-waechters\/"},"modified":"2026-03-09T11:43:40","modified_gmt":"2026-03-09T11:43:40","slug":"der-schatz-des-waechters","status":"publish","type":"product","link":"https:\/\/zu-citygames.com\/de\/gra-miejska\/der-schatz-des-waechters\/","title":{"rendered":"Schatz des W\u00e4chters"},"content":{"rendered":"\t\t<div data-elementor-type=\"product-post\" data-elementor-id=\"3397\" class=\"elementor elementor-3397 elementor-2994\" data-elementor-post-type=\"product\">\n\t\t\t\t<div class=\"elementor-element elementor-element-7399212 e-grid e-con-boxed e-con e-parent\" data-id=\"7399212\" data-element_type=\"container\">\n\t\t\t\t\t<div class=\"e-con-inner\">\n\t\t\t\t<div class=\"elementor-element elementor-element-626b46e elementor-position-left elementor-mobile-position-left elementor-view-default elementor-vertical-align-top elementor-widget elementor-widget-icon-box\" data-id=\"626b46e\" data-element_type=\"widget\" data-widget_type=\"icon-box.default\">\n\t\t\t\t<div class=\"elementor-widget-container\">\n\t\t\t\t\t\t\t<div class=\"elementor-icon-box-wrapper\">\n\n\t\t\t\t\t\t<div class=\"elementor-icon-box-icon\">\n\t\t\t\t<span  class=\"elementor-icon\">\n\t\t\t\t<i aria-hidden=\"true\" class=\"et-icon et-clock\"><\/i>\t\t\t\t<\/span>\n\t\t\t<\/div>\n\t\t\t\n\t\t\t\t\t\t<div class=\"elementor-icon-box-content\">\n\n\t\t\t\t\t\t\t\t\t<h3 class=\"elementor-icon-box-title\">\n\t\t\t\t\t\t<span  >\n\t\t\t\t\t\t\tDauer\t\t\t\t\t\t<\/span>\n\t\t\t\t\t<\/h3>\n\t\t\t\t\n\t\t\t\t\t\t\t\t\t<p class=\"elementor-icon-box-description\">\n\t\t\t\t\t\t1 Std.\t\t\t\t\t<\/p>\n\t\t\t\t\n\t\t\t<\/div>\n\t\t\t\n\t\t<\/div>\n\t\t\t\t\t\t<\/div>\n\t\t\t\t<\/div>\n\t\t\t\t<div class=\"elementor-element elementor-element-b74a5d4 elementor-position-left elementor-mobile-position-left elementor-view-default elementor-vertical-align-top elementor-widget elementor-widget-icon-box\" data-id=\"b74a5d4\" data-element_type=\"widget\" data-widget_type=\"icon-box.default\">\n\t\t\t\t<div class=\"elementor-widget-container\">\n\t\t\t\t\t\t\t<div class=\"elementor-icon-box-wrapper\">\n\n\t\t\t\t\t\t<div class=\"elementor-icon-box-icon\">\n\t\t\t\t<span  class=\"elementor-icon\">\n\t\t\t\t<svg aria-hidden=\"true\" class=\"e-font-icon-svg e-fas-road\" viewBox=\"0 0 576 512\" xmlns=\"http:\/\/www.w3.org\/2000\/svg\"><path d=\"M573.19 402.67l-139.79-320C428.43 71.29 417.6 64 405.68 64h-97.59l2.45 23.16c.5 4.72-3.21 8.84-7.96 8.84h-29.16c-4.75 0-8.46-4.12-7.96-8.84L267.91 64h-97.59c-11.93 0-22.76 7.29-27.73 18.67L2.8 402.67C-6.45 423.86 8.31 448 30.54 448h196.84l10.31-97.68c.86-8.14 7.72-14.32 15.91-14.32h68.8c8.19 0 15.05 6.18 15.91 14.32L348.62 448h196.84c22.23 0 36.99-24.14 27.73-45.33zM260.4 135.16a8 8 0 0 1 7.96-7.16h39.29c4.09 0 7.53 3.09 7.96 7.16l4.6 43.58c.75 7.09-4.81 13.26-11.93 13.26h-40.54c-7.13 0-12.68-6.17-11.93-13.26l4.59-43.58zM315.64 304h-55.29c-9.5 0-16.91-8.23-15.91-17.68l5.07-48c.86-8.14 7.72-14.32 15.91-14.32h45.15c8.19 0 15.05 6.18 15.91 14.32l5.07 48c1 9.45-6.41 17.68-15.91 17.68z\"><\/path><\/svg>\t\t\t\t<\/span>\n\t\t\t<\/div>\n\t\t\t\n\t\t\t\t\t\t<div class=\"elementor-icon-box-content\">\n\n\t\t\t\t\t\t\t\t\t<h3 class=\"elementor-icon-box-title\">\n\t\t\t\t\t\t<span  >\n\t\t\t\t\t\t\tStrecke\t\t\t\t\t\t<\/span>\n\t\t\t\t\t<\/h3>\n\t\t\t\t\n\t\t\t\t\t\t\t\t\t<p class=\"elementor-icon-box-description\">\n\t\t\t\t\t\t2,5 km\t\t\t\t\t<\/p>\n\t\t\t\t\n\t\t\t<\/div>\n\t\t\t\n\t\t<\/div>\n\t\t\t\t\t\t<\/div>\n\t\t\t\t<\/div>\n\t\t\t\t<div class=\"elementor-element elementor-element-74d1e14 elementor-position-left elementor-mobile-position-left elementor-view-default elementor-vertical-align-top elementor-widget elementor-widget-icon-box\" data-id=\"74d1e14\" data-element_type=\"widget\" data-widget_type=\"icon-box.default\">\n\t\t\t\t<div class=\"elementor-widget-container\">\n\t\t\t\t\t\t\t<div class=\"elementor-icon-box-wrapper\">\n\n\t\t\t\t\t\t<div class=\"elementor-icon-box-icon\">\n\t\t\t\t<span  class=\"elementor-icon\">\n\t\t\t\t<svg aria-hidden=\"true\" class=\"e-font-icon-svg e-fas-radiation\" viewBox=\"0 0 496 512\" xmlns=\"http:\/\/www.w3.org\/2000\/svg\"><path d=\"M328.2 255.8h151.6c9.1 0 16.8-7.7 16.2-16.8-5.1-75.8-44.4-142.2-102.5-184.2-7.4-5.3-17.9-2.9-22.7 4.8L290.4 188c22.6 14.3 37.8 39.2 37.8 67.8zm-37.8 67.7c-12.3 7.7-26.8 12.4-42.4 12.4-15.6 0-30-4.7-42.4-12.4L125.2 452c-4.8 7.7-2.4 18.1 5.6 22.4C165.7 493.2 205.6 504 248 504s82.3-10.8 117.2-29.6c8-4.3 10.4-14.8 5.6-22.4l-80.4-128.5zM248 303.8c26.5 0 48-21.5 48-48s-21.5-48-48-48-48 21.5-48 48 21.5 48 48 48zm-231.8-48h151.6c0-28.6 15.2-53.5 37.8-67.7L125.2 59.7c-4.8-7.7-15.3-10.2-22.7-4.8C44.4 96.9 5.1 163.3 0 239.1c-.6 9 7.1 16.7 16.2 16.7z\"><\/path><\/svg>\t\t\t\t<\/span>\n\t\t\t<\/div>\n\t\t\t\n\t\t\t\t\t\t<div class=\"elementor-icon-box-content\">\n\n\t\t\t\t\t\t\t\t\t<h3 class=\"elementor-icon-box-title\">\n\t\t\t\t\t\t<span  >\n\t\t\t\t\t\t\tSchwierigkeitsgrad \t\t\t\t\t\t<\/span>\n\t\t\t\t\t<\/h3>\n\t\t\t\t\n\t\t\t\t\t\t\t\t\t<p class=\"elementor-icon-box-description\">\n\t\t\t\t\t\t4 \/ 5\t\t\t\t\t<\/p>\n\t\t\t\t\n\t\t\t<\/div>\n\t\t\t\n\t\t<\/div>\n\t\t\t\t\t\t<\/div>\n\t\t\t\t<\/div>\n\t\t\t\t<div class=\"elementor-element elementor-element-e90cb45 elementor-position-left elementor-mobile-position-left elementor-view-default elementor-vertical-align-top elementor-widget elementor-widget-icon-box\" data-id=\"e90cb45\" data-element_type=\"widget\" data-widget_type=\"icon-box.default\">\n\t\t\t\t<div class=\"elementor-widget-container\">\n\t\t\t\t\t\t\t<div class=\"elementor-icon-box-wrapper\">\n\n\t\t\t\t\t\t<div class=\"elementor-icon-box-icon\">\n\t\t\t\t<span  class=\"elementor-icon\">\n\t\t\t\t<svg aria-hidden=\"true\" class=\"e-font-icon-svg e-fas-language\" viewBox=\"0 0 640 512\" xmlns=\"http:\/\/www.w3.org\/2000\/svg\"><path d=\"M152.1 236.2c-3.5-12.1-7.8-33.2-7.8-33.2h-.5s-4.3 21.1-7.8 33.2l-11.1 37.5H163zM616 96H336v320h280c13.3 0 24-10.7 24-24V120c0-13.3-10.7-24-24-24zm-24 120c0 6.6-5.4 12-12 12h-11.4c-6.9 23.6-21.7 47.4-42.7 69.9 8.4 6.4 17.1 12.5 26.1 18 5.5 3.4 7.3 10.5 4.1 16.2l-7.9 13.9c-3.4 5.9-10.9 7.8-16.7 4.3-12.6-7.8-24.5-16.1-35.4-24.9-10.9 8.7-22.7 17.1-35.4 24.9-5.8 3.5-13.3 1.6-16.7-4.3l-7.9-13.9c-3.2-5.6-1.4-12.8 4.2-16.2 9.3-5.7 18-11.7 26.1-18-7.9-8.4-14.9-17-21-25.7-4-5.7-2.2-13.6 3.7-17.1l6.5-3.9 7.3-4.3c5.4-3.2 12.4-1.7 16 3.4 5 7 10.8 14 17.4 20.9 13.5-14.2 23.8-28.9 30-43.2H412c-6.6 0-12-5.4-12-12v-16c0-6.6 5.4-12 12-12h64v-16c0-6.6 5.4-12 12-12h16c6.6 0 12 5.4 12 12v16h64c6.6 0 12 5.4 12 12zM0 120v272c0 13.3 10.7 24 24 24h280V96H24c-13.3 0-24 10.7-24 24zm58.9 216.1L116.4 167c1.7-4.9 6.2-8.1 11.4-8.1h32.5c5.1 0 9.7 3.3 11.4 8.1l57.5 169.1c2.6 7.8-3.1 15.9-11.4 15.9h-22.9a12 12 0 0 1-11.5-8.6l-9.4-31.9h-60.2l-9.1 31.8c-1.5 5.1-6.2 8.7-11.5 8.7H70.3c-8.2 0-14-8.1-11.4-15.9z\"><\/path><\/svg>\t\t\t\t<\/span>\n\t\t\t<\/div>\n\t\t\t\n\t\t\t\t\t\t<div class=\"elementor-icon-box-content\">\n\n\t\t\t\t\t\t\t\t\t<h3 class=\"elementor-icon-box-title\">\n\t\t\t\t\t\t<span  >\n\t\t\t\t\t\t\tVerf\u00fcgbare Sprachen\t\t\t\t\t\t<\/span>\n\t\t\t\t\t<\/h3>\n\t\t\t\t\n\t\t\t\t\t\t\t\t\t<p class=\"elementor-icon-box-description\">\n\t\t\t\t\t\tPolnisch, Englisch, Deutsch\t\t\t\t\t<\/p>\n\t\t\t\t\n\t\t\t<\/div>\n\t\t\t\n\t\t<\/div>\n\t\t\t\t\t\t<\/div>\n\t\t\t\t<\/div>\n\t\t\t\t\t<\/div>\n\t\t\t\t<\/div>\n\t\t\t\t<\/div>\n\t\t","protected":false},"excerpt":{"rendered":"<p data-start=\"171\" data-end=\"477\"><strong data-start=\"97\" data-end=\"116\">Schatz des W\u00e4chters<\/strong> ist ein interaktives Stadterkundungsspiel in Gniezno, bei dem Sie in die Rolle eines Suchers nach einem vor Jahrhunderten verborgenen historischen Schatz schl\u00fcpfen. Folgen Sie den Spuren alter Denkm\u00e4ler, l\u00f6sen Sie R\u00e4tsel und entdecken Sie die Geheimnisse der Stadt, gef\u00fchrt vom Geist des W\u00e4chters, der ein k\u00f6nigliches Andenken bewacht. Ein ideales Abenteuer f\u00fcr Liebhaber von Geschichte, Erkundung und R\u00e4tseln, das einen Spaziergang durch Gniezno mit einer spannungsgeladenen Handlung verbindet.  <\/p>\n","protected":false},"featured_media":3355,"comment_status":"open","ping_status":"closed","template":"","meta":{"_acf_changed":false},"etheme_brands":[],"product_brand":[],"product_cat":[81],"product_tag":[],"class_list":{"0":"post-3397","1":"product","2":"type-product","3":"status-publish","4":"has-post-thumbnail","6":"product_cat-gniezno-de","8":"first","9":"instock","10":"downloadable","11":"virtual","12":"taxable","13":"purchasable","14":"product-type-simple"},"acf":[],"_links":{"self":[{"href":"https:\/\/zu-citygames.com\/de\/wp-json\/wp\/v2\/product\/3397","targetHints":{"allow":["GET"]}}],"collection":[{"href":"https:\/\/zu-citygames.com\/de\/wp-json\/wp\/v2\/product"}],"about":[{"href":"https:\/\/zu-citygames.com\/de\/wp-json\/wp\/v2\/types\/product"}],"replies":[{"embeddable":true,"href":"https:\/\/zu-citygames.com\/de\/wp-json\/wp\/v2\/comments?post=3397"}],"version-history":[{"count":4,"href":"https:\/\/zu-citygames.com\/de\/wp-json\/wp\/v2\/product\/3397\/revisions"}],"predecessor-version":[{"id":3621,"href":"https:\/\/zu-citygames.com\/de\/wp-json\/wp\/v2\/product\/3397\/revisions\/3621"}],"wp:featuredmedia":[{"embeddable":true,"href":"https:\/\/zu-citygames.com\/de\/wp-json\/wp\/v2\/media\/3355"}],"wp:attachment":[{"href":"https:\/\/zu-citygames.com\/de\/wp-json\/wp\/v2\/media?parent=3397"}],"wp:term":[{"taxonomy":"brand","embeddable":true,"href":"https:\/\/zu-citygames.com\/de\/wp-json\/wp\/v2\/etheme_brands?post=3397"},{"taxonomy":"product_brand","embeddable":true,"href":"https:\/\/zu-citygames.com\/de\/wp-json\/wp\/v2\/product_brand?post=3397"},{"taxonomy":"product_cat","embeddable":true,"href":"https:\/\/zu-citygames.com\/de\/wp-json\/wp\/v2\/product_cat?post=3397"},{"taxonomy":"product_tag","embeddable":true,"href":"https:\/\/zu-citygames.com\/de\/wp-json\/wp\/v2\/product_tag?post=3397"}],"curies":[{"name":"wp","href":"https:\/\/api.w.org\/{rel}","templated":true}]}}